{"id":1733,"date":"2024-01-25T13:53:45","date_gmt":"2024-01-25T13:53:45","guid":{"rendered":"http:\/\/www.apcfreight.com\/?page_id=1733"},"modified":"2024-05-10T10:32:33","modified_gmt":"2024-05-10T07:32:33","slug":"contact","status":"publish","type":"page","link":"https:\/\/singlobal.com.tr\/en\/contact\/","title":{"rendered":"\u0130leti\u015fim"},"content":{"rendered":"<div class=\"wpb-content-wrapper\">[vc_row][vc_column]<div class='cws_textmodule cws_vc_shortcode_module' id='cws_textmodule_69ef4e3fe4081'><div class='cws_textmodule_wrapper '><div class='cws_textmodule_text text_align_left'><div class='cws_textmodule_titles display_block'><h1 class='cws_textmodule_title'><span>\u0130leti\u015fim<\/span><\/h1><\/div><div class='cws_textmodule_content'><div class='text_content_wrapper'><p>Herhangi bir talebiniz veya yorumunuz olursa l\u00fctfen bizimle ileti\u015fime ge\u00e7mekten \u00e7ekinmeyin.<\/p>\n<\/div><\/div><\/div><\/div><\/div><div class=\"cws_spacing\"><div class=\"cws_spacing cws_spacing_default\" style=\"height:50px;\"><\/div><\/div>[\/vc_column][\/vc_row][vc_row equal_height=&#8221;yes&#8221;][vc_column width=&#8221;1\/4&#8243; css=&#8221;.vc_custom_1549635275930{padding-bottom: 40px !important;padding-left: 40px !important;background-color: #e5e5e5 !important;}&#8221;]<div id='cws_service_item_69ef4e3fe43c4' class='cws_service_item cws_vc_shortcode_module title_beside style_default a-left v-top'><div class='cws_service_item_wrapper clearfix'><span class='cws_service_icon_wrapper cws_service_side'><i class='cws_service_icon entypo-icon entypo-icon-address'><\/i><\/span><div class='cws_service_info'><h6 class='cws_service_title'>Adres:<\/h6><div class='cws_service_desc clearfix'><p>Adnan Kahveci Mah. \u00c7al\u0131\u015flar Cad. Midpoint Apt No : 2 Kat: 7 D: 63, 34200 Beylikd\u00fcz\u00fc\/\u0130stanbul<\/p>\n<\/div><\/div><\/div><\/div><div class=\"cws_spacing\"><div class=\"cws_spacing cws_spacing_default\" style=\"height:25px;\"><\/div><\/div><div id='cws_service_item_69ef4e3fe4703' class='cws_service_item cws_vc_shortcode_module title_beside style_default a-left v-top'><div class='cws_service_item_wrapper clearfix'><span class='cws_service_icon_wrapper cws_service_side'><i class='cws_service_icon entypo-icon entypo-icon-phone'><\/i><\/span><div class='cws_service_info'><h6 class='cws_service_title'>\u0130leti\u015fim:<\/h6><div class='cws_service_desc clearfix'><p><a href=\"tel:+902128755400\">+90 212 875 45 00<\/a><br \/>\n<a href=\"tel:+905323063320\">+90 532 306 33 20<\/a><\/p>\n<\/div><\/div><\/div><\/div><div class=\"cws_spacing\"><div class=\"cws_spacing cws_spacing_default\" style=\"height:25px;\"><\/div><\/div><div id='cws_service_item_69ef4e3fe49ee' class='cws_service_item cws_vc_shortcode_module title_beside style_default a-left v-top'><div class='cws_service_item_wrapper clearfix'><span class='cws_service_icon_wrapper cws_service_side'><i class='cws_service_icon entypo-icon entypo-icon-mail'><\/i><\/span><div class='cws_service_info'><h6 class='cws_service_title'>E-Posta:<\/h6><div class='cws_service_desc clearfix'><p><a href=\"mailto:info@singlobal.com.tr\">info@singlobal.com.tr<\/a><\/p>\n<\/div><\/div><\/div><\/div><div class=\"cws_spacing\"><div class=\"cws_spacing cws_spacing_default\" style=\"height:25px;\"><\/div><\/div><div id='cws_service_item_69ef4e3fe4c4f' class='cws_service_item cws_vc_shortcode_module title_beside style_default a-left v-top'><div class='cws_service_item_wrapper clearfix'><span class='cws_service_icon_wrapper cws_service_side'><i class='cws_service_icon entypo-icon entypo-icon-calendar'><\/i><\/span><div class='cws_service_info'><h6 class='cws_service_title'>Pazartesi - Cuma<\/h6><div class='cws_service_desc clearfix'><p>08:00 &#8211; 17:00 pm<\/p>\n<\/div><\/div><\/div><\/div>[\/vc_column][vc_column width=&#8221;3\/4&#8243; css=&#8221;.vc_custom_1549879351572{padding-left: 50px !important;}&#8221;]<div class=\"cws_spacing\"><div class=\"cws_spacing cws_spacing_default\" style=\"height:30px;\"><\/div><\/div>[vc_gmaps link=&#8221;#E-8_JTNDaWZyYW1lJTIwc3JjJTNEJTIyaHR0cHMlM0ElMkYlMkZ3d3cuZ29vZ2xlLmNvbSUyRm1hcHMlMkZlbWJlZCUzRnBiJTNEJTIxMW0xOCUyMTFtMTIlMjExbTMlMjExZDMwMTEuNDE2ODczNTk0MzQxNyUyMTJkMjguNjIzMjg1MDc2NDI0NDczJTIxM2Q0MC45OTQyNDgwMjAyODgxMSUyMTJtMyUyMTFmMCUyMTJmMCUyMTNmMCUyMTNtMiUyMTFpMTAyNCUyMTJpNzY4JTIxNGYxMy4xJTIxM20zJTIxMW0yJTIxMXMweDE0YjU1Zjc3ZjEzMDUzMzUlMjUzQTB4MWJlYjQ4ZjgzZWYyMThlMCUyMTJzU2luJTI1MjBHbG9iYWwlMjUyMEZvcndhcmRpbmclMjUyME5ha2xpeWF0JTI1MjBTYW4uJTI1MjB2ZSUyNTIwVGljLiUyNTIwTHRkLiUyNTIwJTI1QzUlMjU5RXRpLiUyMTVlMCUyMTNtMiUyMTFzdHIlMjEyc3RyJTIxNHYxNzExMzU5MzAxNjUwJTIxNW0yJTIxMXN0ciUyMTJzdHIlMjIlMjB3aWR0aCUzRCUyMjYwMCUyMiUyMGhlaWdodCUzRCUyMjQ1MCUyMiUyMHN0eWxlJTNEJTIyYm9yZGVyJTNBMCUzQiUyMiUyMGFsbG93ZnVsbHNjcmVlbiUzRCUyMiUyMiUyMGxvYWRpbmclM0QlMjJsYXp5JTIyJTIwcmVmZXJyZXJwb2xpY3klM0QlMjJuby1yZWZlcnJlci13aGVuLWRvd25ncmFkZSUyMiUzRSUzQyUyRmlmcmFtZSUzRQ==&#8221;][\/vc_column][\/vc_row][vc_row][vc_column][\/vc_column][\/vc_row][vc_row full_width=&#8221;stretch_row_content_no_spaces&#8221;][vc_column]<div class=\"cws_spacing\"><div class=\"cws_spacing cws_spacing_default\" style=\"height:100px;\"><\/div><\/div>[vc_column_text][\/vc_column_text][\/vc_column][\/vc_row]\n<\/div>","protected":false},"excerpt":{"rendered":"<p>[vc_row][vc_column][\/vc_column][\/vc_row][vc_row equal_height=&#8221;yes&#8221;][vc_column width=&#8221;1\/4&#8243; css=&#8221;.vc_custom_1549635275930{padding-bottom: 40px !important;padding-left: 40px !important;background-color: #e5e5e5 !important;}&#8221;][\/vc_column][vc_column width=&#8221;3\/4&#8243; css=&#8221;.vc_custom_1549879351572{padding-left: 50px !important;}&#8221;][vc_gmaps link=&#8221;#E-8_JTNDaWZyYW1lJTIwc3JjJTNEJTIyaHR0cHMlM0ElMkYlMkZ3d3cuZ29vZ2xlLmNvbSUyRm1hcHMlMkZlbWJlZCUzRnBiJTNEJTIxMW0xOCUyMTFtMTIlMjExbTMlMjExZDMwMTEuNDE2ODczNTk0MzQxNyUyMTJkMjguNjIzMjg1MDc2NDI0NDczJTIxM2Q0MC45OTQyNDgwMjAyODgxMSUyMTJtMyUyMTFmMCUyMTJmMCUyMTNmMCUyMTNtMiUyMTFpMTAyNCUyMTJpNzY4JTIxNGYxMy4xJTIxM20zJTIxMW0yJTIxMXMweDE0YjU1Zjc3ZjEzMDUzMzUlMjUzQTB4MWJlYjQ4ZjgzZWYyMThlMCUyMTJzU2luJTI1MjBHbG9iYWwlMjUyMEZvcndhcmRpbmclMjUyME5ha2xpeWF0JTI1MjBTYW4uJTI1MjB2ZSUyNTIwVGljLiUyNTIwTHRkLiUyNTIwJTI1QzUlMjU5RXRpLiUyMTVlMCUyMTNtMiUyMTFzdHIlMjEyc3RyJTIxNHYxNzExMzU5MzAxNjUwJTIxNW0yJTIxMXN0ciUyMTJzdHIlMjIlMjB3aWR0aCUzRCUyMjYwMCUyMiUyMGhlaWdodCUzRCUyMjQ1MCUyMiUyMHN0eWxlJTNEJTIyYm9yZGVyJTNBMCUzQiUyMiUyMGFsbG93ZnVsbHNjcmVlbiUzRCUyMiUyMiUyMGxvYWRpbmclM0QlMjJsYXp5JTIyJTIwcmVmZXJyZXJwb2xpY3klM0QlMjJuby1yZWZlcnJlci13aGVuLWRvd25ncmFkZSUyMiUzRSUzQyUyRmlmcmFtZSUzRQ==&#8221;][\/vc_column][\/vc_row][vc_row][vc_column][\/vc_column][\/vc_row][vc_row full_width=&#8221;stretch_row_content_no_spaces&#8221;][vc_column][vc_column_text][\/vc_column_text][\/vc_column][\/vc_row]<\/p>\n","protected":false},"author":1,"featured_media":0,"parent":0,"menu_order":0,"comment_status":"closed","ping_status":"closed","template":"","meta":{"_joinchat":[],"footnotes":""},"class_list":["post-1733","page","type-page","status-publish","hentry"],"yoast_head":"<!-- This site is optimized with the Yoast SEO plugin v27.4 - https:\/\/yoast.com\/product\/yoast-seo-wordpress\/ -->\n<title>\u0130leti\u015fim -<\/title>\n<meta name=\"description\" content=\"Sin Global offers reliable and professional logistics solutions to its customers through air, sea and road transportation services.\" \/>\n<meta name=\"robots\" content=\"index, follow, max-snippet:-1, max-image-preview:large, max-video-preview:-1\" \/>\n<link rel=\"canonical\" href=\"https:\/\/singlobal.com.tr\/en\/contact\/\" \/>\n<meta property=\"og:locale\" content=\"tr_TR\" \/>\n<meta property=\"og:type\" content=\"article\" \/>\n<meta property=\"og:title\" content=\"\u0130leti\u015fim -\" \/>\n<meta property=\"og:description\" content=\"Sin Global offers reliable and professional logistics solutions to its customers through air, sea and road transportation services.\" \/>\n<meta property=\"og:url\" content=\"https:\/\/singlobal.com.tr\/en\/contact\/\" \/>\n<meta property=\"article:modified_time\" content=\"2024-05-10T07:32:33+00:00\" \/>\n<meta name=\"twitter:card\" content=\"summary_large_image\" \/>\n<meta name=\"twitter:label1\" content=\"Tahmini okuma s\u00fcresi\" \/>\n\t<meta name=\"twitter:data1\" content=\"1 dakika\" \/>\n<script type=\"application\/ld+json\" class=\"yoast-schema-graph\">{\"@context\":\"https:\\\/\\\/schema.org\",\"@graph\":[{\"@type\":\"WebPage\",\"@id\":\"https:\\\/\\\/singlobal.com.tr\\\/en\\\/contact\\\/\",\"url\":\"https:\\\/\\\/singlobal.com.tr\\\/en\\\/contact\\\/\",\"name\":\"\u0130leti\u015fim -\",\"isPartOf\":{\"@id\":\"https:\\\/\\\/singlobal.com.tr\\\/en\\\/#website\"},\"datePublished\":\"2024-01-25T13:53:45+00:00\",\"dateModified\":\"2024-05-10T07:32:33+00:00\",\"description\":\"Sin Global offers reliable and professional logistics solutions to its customers through air, sea and road transportation services.\",\"breadcrumb\":{\"@id\":\"https:\\\/\\\/singlobal.com.tr\\\/en\\\/contact\\\/#breadcrumb\"},\"inLanguage\":\"tr\",\"potentialAction\":[{\"@type\":\"ReadAction\",\"target\":[\"https:\\\/\\\/singlobal.com.tr\\\/en\\\/contact\\\/\"]}]},{\"@type\":\"BreadcrumbList\",\"@id\":\"https:\\\/\\\/singlobal.com.tr\\\/en\\\/contact\\\/#breadcrumb\",\"itemListElement\":[{\"@type\":\"ListItem\",\"position\":1,\"name\":\"Anasayfa\",\"item\":\"https:\\\/\\\/singlobal.com.tr\\\/en\\\/\"},{\"@type\":\"ListItem\",\"position\":2,\"name\":\"\u0130leti\u015fim\"}]},{\"@type\":\"WebSite\",\"@id\":\"https:\\\/\\\/singlobal.com.tr\\\/en\\\/#website\",\"url\":\"https:\\\/\\\/singlobal.com.tr\\\/en\\\/\",\"name\":\"\",\"description\":\"Sin Global Fast, Reliable, Global Solutions\",\"potentialAction\":[{\"@type\":\"SearchAction\",\"target\":{\"@type\":\"EntryPoint\",\"urlTemplate\":\"https:\\\/\\\/singlobal.com.tr\\\/en\\\/?s={search_term_string}\"},\"query-input\":{\"@type\":\"PropertyValueSpecification\",\"valueRequired\":true,\"valueName\":\"search_term_string\"}}],\"inLanguage\":\"tr\"}]}<\/script>\n<!-- \/ Yoast SEO plugin. -->","yoast_head_json":{"title":"\u0130leti\u015fim -","description":"Sin Global offers reliable and professional logistics solutions to its customers through air, sea and road transportation services.","robots":{"index":"index","follow":"follow","max-snippet":"max-snippet:-1","max-image-preview":"max-image-preview:large","max-video-preview":"max-video-preview:-1"},"canonical":"https:\/\/singlobal.com.tr\/en\/contact\/","og_locale":"tr_TR","og_type":"article","og_title":"\u0130leti\u015fim -","og_description":"Sin Global offers reliable and professional logistics solutions to its customers through air, sea and road transportation services.","og_url":"https:\/\/singlobal.com.tr\/en\/contact\/","article_modified_time":"2024-05-10T07:32:33+00:00","twitter_card":"summary_large_image","twitter_misc":{"Tahmini okuma s\u00fcresi":"1 dakika"},"schema":{"@context":"https:\/\/schema.org","@graph":[{"@type":"WebPage","@id":"https:\/\/singlobal.com.tr\/en\/contact\/","url":"https:\/\/singlobal.com.tr\/en\/contact\/","name":"\u0130leti\u015fim -","isPartOf":{"@id":"https:\/\/singlobal.com.tr\/en\/#website"},"datePublished":"2024-01-25T13:53:45+00:00","dateModified":"2024-05-10T07:32:33+00:00","description":"Sin Global offers reliable and professional logistics solutions to its customers through air, sea and road transportation services.","breadcrumb":{"@id":"https:\/\/singlobal.com.tr\/en\/contact\/#breadcrumb"},"inLanguage":"tr","potentialAction":[{"@type":"ReadAction","target":["https:\/\/singlobal.com.tr\/en\/contact\/"]}]},{"@type":"BreadcrumbList","@id":"https:\/\/singlobal.com.tr\/en\/contact\/#breadcrumb","itemListElement":[{"@type":"ListItem","position":1,"name":"Anasayfa","item":"https:\/\/singlobal.com.tr\/en\/"},{"@type":"ListItem","position":2,"name":"\u0130leti\u015fim"}]},{"@type":"WebSite","@id":"https:\/\/singlobal.com.tr\/en\/#website","url":"https:\/\/singlobal.com.tr\/en\/","name":"","description":"Sin Global Fast, Reliable, Global Solutions","potentialAction":[{"@type":"SearchAction","target":{"@type":"EntryPoint","urlTemplate":"https:\/\/singlobal.com.tr\/en\/?s={search_term_string}"},"query-input":{"@type":"PropertyValueSpecification","valueRequired":true,"valueName":"search_term_string"}}],"inLanguage":"tr"}]}},"_links":{"self":[{"href":"https:\/\/singlobal.com.tr\/en\/wp-json\/wp\/v2\/pages\/1733","targetHints":{"allow":["GET"]}}],"collection":[{"href":"https:\/\/singlobal.com.tr\/en\/wp-json\/wp\/v2\/pages"}],"about":[{"href":"https:\/\/singlobal.com.tr\/en\/wp-json\/wp\/v2\/types\/page"}],"author":[{"embeddable":true,"href":"https:\/\/singlobal.com.tr\/en\/wp-json\/wp\/v2\/users\/1"}],"replies":[{"embeddable":true,"href":"https:\/\/singlobal.com.tr\/en\/wp-json\/wp\/v2\/comments?post=1733"}],"version-history":[{"count":1,"href":"https:\/\/singlobal.com.tr\/en\/wp-json\/wp\/v2\/pages\/1733\/revisions"}],"predecessor-version":[{"id":3929,"href":"https:\/\/singlobal.com.tr\/en\/wp-json\/wp\/v2\/pages\/1733\/revisions\/3929"}],"wp:attachment":[{"href":"https:\/\/singlobal.com.tr\/en\/wp-json\/wp\/v2\/media?parent=1733"}],"curies":[{"name":"wp","href":"https:\/\/api.w.org\/{rel}","templated":true}]}}